{"id":396,"date":"2021-11-27T20:34:25","date_gmt":"2021-11-27T19:34:25","guid":{"rendered":"https:\/\/beda-telemarketing.de\/v2\/?page_id=396"},"modified":"2025-02-28T12:41:29","modified_gmt":"2025-02-28T11:41:29","slug":"impressum","status":"publish","type":"page","link":"https:\/\/beda-telemarketing.de\/?page_id=396","title":{"rendered":"Impressum"},"content":{"rendered":"<div data-colibri-id=\"396-c1\" class=\"style-306 style-local-396-c1 position-relative\">\n  <!---->\n  <div data-colibri-component=\"section\" data-colibri-id=\"396-c2\" id=\"custom-2\" class=\"h-section h-section-global-spacing d-flex align-items-lg-center align-items-md-center align-items-center style-323 style-local-396-c2 position-relative\">\n    <!---->\n    <!---->\n    <div class=\"h-section-grid-container h-section-boxed-container\">\n      <!---->\n      <div data-colibri-id=\"396-c3\" class=\"h-row-container gutters-row-lg-2 gutters-row-md-2 gutters-row-0 gutters-row-v-lg-2 gutters-row-v-md-2 gutters-row-v-2 style-324 style-local-396-c3 position-relative\">\n        <!---->\n        <div class=\"h-row justify-content-lg-center justify-content-md-center justify-content-center align-items-lg-stretch align-items-md-stretch align-items-stretch gutters-col-lg-2 gutters-col-md-2 gutters-col-0 gutters-col-v-lg-2 gutters-col-v-md-2 gutters-col-v-2\">\n          <!---->\n          <div class=\"h-column h-column-container d-flex h-col-lg-auto h-col-md-auto h-col-auto style-325-outer style-local-396-c4-outer\">\n            <div data-colibri-id=\"396-c4\" class=\"d-flex h-flex-basis h-column__inner h-px-lg-2 h-px-md-2 h-px-2 v-inner-lg-2 v-inner-md-2 v-inner-2 style-325 style-local-396-c4 position-relative\">\n              <!---->\n              <!---->\n              <div class=\"w-100 h-y-container h-column__content h-column__v-align flex-basis-100 align-self-lg-start align-self-md-start align-self-start\">\n                <!---->\n                <div data-colibri-id=\"396-c5\" class=\"h-text h-text-component style-326 style-local-396-c5 position-relative h-element\">\n                  <!---->\n                  <!---->\n                  <div class=\"\">\n                    <p><strong>beda Telemarketing GmbH<\/strong>\n                      <br>Moislinger Allee 9e\n                      <br>23558 L\u00fcbeck\n                      <br>\n                      <br>Telefon: 0451 \/ 40 90 20\n                      <br>Web: www.beda-Telemarketing.de\n                      <br>eMail: kontakt@beda-telemarketing.de\n                      <br>\n                      <br>Gesch\u00e4ftsf\u00fchrende Gesellschafter: Sascha Behrens, Marc Dannenberg\n                      <br>Handelsregister L\u00fcbeck HRB 11097\/HL\n                      <br>Umsatzsteuer-ID: DE277816939<\/p>\n                  <\/div>\n                <\/div>\n                <div data-colibri-id=\"396-c6\" class=\"d-block style-595 style-local-396-c6 position-relative h-element\">\n                  <!---->\n                  <div class=\"h-image__frame-container-outer\">\n                    <div class=\"h-image__frame-container\">\n                      <!---->\n                      <!---->\n                      <img loading=\"lazy\" decoding=\"async\" width=\"1470\" height=\"345\" src=\"https:\/\/beda-telemarketing.de\/wp-content\/uploads\/2023\/10\/Logo_CCV-Mitglied-lang_color.jpg\" class=\"wp-image-1055 style-595-image style-local-396-c6-image\" alt=\"\" srcset=\"https:\/\/beda-telemarketing.de\/wp-content\/uploads\/2023\/10\/Logo_CCV-Mitglied-lang_color.jpg 1470w, https:\/\/beda-telemarketing.de\/wp-content\/uploads\/2023\/10\/Logo_CCV-Mitglied-lang_color-300x70.jpg 300w, https:\/\/beda-telemarketing.de\/wp-content\/uploads\/2023\/10\/Logo_CCV-Mitglied-lang_color-1024x240.jpg 1024w, https:\/\/beda-telemarketing.de\/wp-content\/uploads\/2023\/10\/Logo_CCV-Mitglied-lang_color-768x180.jpg 768w\" sizes=\"auto, (max-width: 1470px) 100vw, 1470px\" \/>\n                      <div class=\"h-image__frame h-hide-lg h-hide-md h-hide-sm style-595-frameImage style-local-396-c6-frameImage\"><\/div>\n                    <\/div>\n                  <\/div>\n                <\/div>\n              <\/div>\n            <\/div>\n          <\/div>\n          <div class=\"h-column h-column-container d-flex h-col-lg-auto h-col-md-auto h-col-auto style-594-outer style-local-396-c7-outer\">\n            <div data-colibri-id=\"396-c7\" class=\"d-flex h-flex-basis h-column__inner h-ui-empty-state-container h-px-lg-2 h-px-md-2 h-px-2 v-inner-lg-2 v-inner-md-2 v-inner-2 style-594 style-local-396-c7 position-relative\">\n              <!---->\n              <!---->\n              <div class=\"w-100 h-y-container h-column__content h-column__v-align flex-basis-100\">\n                <!---->\n              <\/div>\n            <\/div>\n          <\/div>\n        <\/div>\n      <\/div>\n    <\/div>\n  <\/div>\n  <div data-colibri-component=\"section\" data-colibri-id=\"396-c8\" id=\"custom\" class=\"h-section h-section-global-spacing d-flex align-items-lg-center align-items-md-center align-items-center style-311 style-local-396-c8 position-relative\">\n    <!---->\n    <!---->\n    <div class=\"h-section-grid-container h-section-boxed-container\">\n      <!---->\n      <div data-colibri-id=\"396-c9\" class=\"h-row-container gutters-row-lg-1 gutters-row-md-1 gutters-row-0 gutters-row-v-lg-1 gutters-row-v-md-1 gutters-row-v-1 style-312 style-local-396-c9 position-relative\">\n        <!---->\n        <div class=\"h-row justify-content-lg-center justify-content-md-center justify-content-center align-items-lg-stretch align-items-md-stretch align-items-stretch gutters-col-lg-1 gutters-col-md-1 gutters-col-0 gutters-col-v-lg-1 gutters-col-v-md-1 gutters-col-v-1\">\n          <!---->\n          <div class=\"h-column h-column-container d-flex h-col-lg-auto h-col-md-auto h-col-auto style-313-outer style-local-396-c10-outer\">\n            <div data-colibri-id=\"396-c10\" class=\"d-flex h-flex-basis h-column__inner h-px-lg-2 h-px-md-2 h-px-2 v-inner-lg-2 v-inner-md-2 v-inner-2 style-313 style-local-396-c10 position-relative\">\n              <!---->\n              <!---->\n              <div class=\"w-100 h-y-container h-column__content h-column__v-align flex-basis-100 align-self-lg-start align-self-md-start align-self-start\">\n                <!---->\n                <div data-colibri-id=\"396-c11\" class=\"h-text h-text-component style-316 style-local-396-c11 position-relative h-element\">\n                  <!---->\n                  <!---->\n                  <div class=\"\"><\/div>\n                <\/div>\n              <\/div>\n            <\/div>\n          <\/div>\n          <div class=\"h-column h-column-container d-flex h-col-lg-auto h-col-md-auto h-col-auto style-314-outer style-local-396-c12-outer\">\n            <div data-colibri-id=\"396-c12\" class=\"d-flex h-flex-basis h-column__inner h-px-lg-2 h-px-md-2 h-px-2 v-inner-lg-2 v-inner-md-2 v-inner-2 style-314 style-local-396-c12 position-relative\">\n              <!---->\n              <!---->\n              <div class=\"w-100 h-y-container h-column__content h-column__v-align flex-basis-100 align-self-lg-start align-self-md-start align-self-start\">\n                <!---->\n                <div data-colibri-id=\"396-c13\" class=\"h-text h-text-component style-316 style-local-396-c13 position-relative h-element\">\n                  <!---->\n                  <!---->\n                  <div class=\"\"><\/div>\n                <\/div>\n              <\/div>\n            <\/div>\n          <\/div>\n          <div class=\"h-column h-column-container d-flex h-col-lg-auto h-col-md-auto h-col-auto style-315-outer style-local-396-c14-outer\">\n            <div data-colibri-id=\"396-c14\" class=\"d-flex h-flex-basis h-column__inner h-px-lg-2 h-px-md-2 h-px-2 v-inner-lg-2 v-inner-md-2 v-inner-2 style-315 style-local-396-c14 position-relative\">\n              <!---->\n              <!---->\n              <div class=\"w-100 h-y-container h-column__content h-column__v-align flex-basis-100 align-self-lg-start align-self-md-start align-self-start\">\n                <!---->\n                <div data-colibri-id=\"396-c15\" class=\"h-text h-text-component style-316 style-local-396-c15 position-relative h-element\">\n                  <!---->\n                  <!---->\n                  <div class=\"\"><\/div>\n                <\/div>\n              <\/div>\n            <\/div>\n          <\/div>\n        <\/div>\n      <\/div>\n    <\/div>\n  <\/div>\n<\/div>","protected":false},"excerpt":{"rendered":"<p>beda Telemarketing GmbH Moislinger Allee 9e 23558 L\u00fcbeck Telefon: 0451 \/ 40 90 20 Web: www.beda-Telemarketing.de eMail: kontakt@beda-telemarketing.de Gesch\u00e4ftsf\u00fchrende Gesellschafter: Sascha Behrens, Marc Dannenberg Handelsregister L\u00fcbeck HRB 11097\/HL Umsatzsteuer-ID: DE277816939<\/p>\n","protected":false},"author":1,"featured_media":0,"parent":0,"menu_order":0,"comment_status":"closed","ping_status":"closed","template":"page-templates\/full-width-page.php","meta":{"footnotes":""},"class_list":["post-396","page","type-page","status-publish","hentry"],"aioseo_notices":[],"_links":{"self":[{"href":"https:\/\/beda-telemarketing.de\/index.php?rest_route=\/wp\/v2\/pages\/396","targetHints":{"allow":["GET"]}}],"collection":[{"href":"https:\/\/beda-telemarketing.de\/index.php?rest_route=\/wp\/v2\/pages"}],"about":[{"href":"https:\/\/beda-telemarketing.de\/index.php?rest_route=\/wp\/v2\/types\/page"}],"author":[{"embeddable":true,"href":"https:\/\/beda-telemarketing.de\/index.php?rest_route=\/wp\/v2\/users\/1"}],"replies":[{"embeddable":true,"href":"https:\/\/beda-telemarketing.de\/index.php?rest_route=%2Fwp%2Fv2%2Fcomments&post=396"}],"version-history":[{"count":8,"href":"https:\/\/beda-telemarketing.de\/index.php?rest_route=\/wp\/v2\/pages\/396\/revisions"}],"predecessor-version":[{"id":1107,"href":"https:\/\/beda-telemarketing.de\/index.php?rest_route=\/wp\/v2\/pages\/396\/revisions\/1107"}],"wp:attachment":[{"href":"https:\/\/beda-telemarketing.de\/index.php?rest_route=%2Fwp%2Fv2%2Fmedia&parent=396"}],"curies":[{"name":"wp","href":"https:\/\/api.w.org\/{rel}","templated":true}]}}