{"id":768,"date":"2021-12-04T22:33:09","date_gmt":"2021-12-04T21:33:09","guid":{"rendered":"https:\/\/beda-telemarketing.de\/?page_id=768"},"modified":"2023-01-16T11:53:40","modified_gmt":"2023-01-16T10:53:40","slug":"soziales","status":"publish","type":"page","link":"https:\/\/beda-telemarketing.de\/?page_id=768","title":{"rendered":"Soziales"},"content":{"rendered":"<div data-colibri-id=\"768-c1\" class=\"style-495 style-local-768-c1 position-relative\">\n  <!---->\n  <div data-colibri-component=\"section\" data-colibri-id=\"768-c2\" id=\"initial-content\" class=\"h-section h-section-global-spacing d-flex align-items-lg-center align-items-md-center align-items-center style-496 style-local-768-c2 position-relative\">\n    <!---->\n    <!---->\n    <div class=\"h-section-grid-container h-section-boxed-container\">\n      <!---->\n      <div data-colibri-id=\"768-c3\" class=\"h-row-container gutters-row-lg-0 gutters-row-md-0 gutters-row-0 gutters-row-v-lg-0 gutters-row-v-md-0 gutters-row-v-0 style-497 style-local-768-c3 position-relative\">\n        <!---->\n        <div class=\"h-row justify-content-lg-center justify-content-md-center justify-content-center align-items-lg-stretch align-items-md-stretch align-items-stretch gutters-col-lg-0 gutters-col-md-0 gutters-col-0 gutters-col-v-lg-0 gutters-col-v-md-0 gutters-col-v-0\">\n          <!---->\n          <div class=\"h-column h-column-container d-flex h-col-lg-auto h-col-md-auto h-col-auto style-498-outer style-local-768-c4-outer\">\n            <div data-colibri-id=\"768-c4\" class=\"d-flex h-flex-basis h-column__inner h-px-lg-0 h-px-md-0 h-px-0 v-inner-lg-0 v-inner-md-0 v-inner-0 style-498 style-local-768-c4 position-relative\">\n              <!---->\n              <!---->\n              <div class=\"w-100 h-y-container h-column__content h-column__v-align flex-basis-100 align-self-lg-start align-self-md-start align-self-start\">\n                <!---->\n                <div data-colibri-id=\"768-c5\" class=\"h-row-container gutters-row-lg-2 gutters-row-md-2 gutters-row-0 gutters-row-v-lg-2 gutters-row-v-md-2 gutters-row-v-2 style-500 style-local-768-c5 position-relative\">\n                  <!---->\n                  <div class=\"h-row justify-content-lg-center justify-content-md-center justify-content-center align-items-lg-stretch align-items-md-stretch align-items-stretch gutters-col-lg-2 gutters-col-md-2 gutters-col-0 gutters-col-v-lg-2 gutters-col-v-md-2 gutters-col-v-2\">\n                    <!---->\n                    <div class=\"h-column h-column-container d-flex h-col-lg-auto h-col-md-auto h-col-auto style-501-outer style-local-768-c6-outer\">\n                      <div data-colibri-id=\"768-c6\" class=\"d-flex h-flex-basis h-column__inner h-px-lg-2 h-px-md-2 h-px-2 v-inner-lg-2 v-inner-md-2 v-inner-2 style-501 style-local-768-c6 position-relative\">\n                        <!---->\n                        <!---->\n                        <div class=\"w-100 h-y-container h-column__content h-column__v-align flex-basis-100 align-self-lg-start align-self-md-start align-self-start\">\n                          <!---->\n                          <div data-colibri-id=\"768-c7\" class=\"h-text h-text-component style-503 style-local-768-c7 position-relative h-element\">\n                            <!---->\n                            <!---->\n                            <div class=\"\">\n                              <p><span style=\"font-weight: 700;\">Wir sind Mitglied im &#8222;Freunde- und F\u00f6rderverein&#8220; des UKSH L\u00fcbeck<\/span><\/p>\n                            <\/div>\n                          <\/div>\n                        <\/div>\n                      <\/div>\n                    <\/div>\n                    <div class=\"h-column h-column-container d-flex h-col-lg-auto h-col-md-auto h-col-auto style-502-outer style-local-768-c8-outer\">\n                      <div data-colibri-id=\"768-c8\" class=\"d-flex h-flex-basis h-column__inner h-px-lg-2 h-px-md-2 h-px-2 v-inner-lg-2 v-inner-md-2 v-inner-2 style-502 style-local-768-c8 position-relative\">\n                        <!---->\n                        <!---->\n                        <div class=\"w-100 h-y-container h-column__content h-column__v-align flex-basis-100 align-self-lg-start align-self-md-start align-self-start\">\n                          <!---->\n                          <div data-colibri-id=\"768-c9\" class=\"d-block style-504 style-local-768-c9 position-relative h-element\">\n                            <!---->\n                            <div class=\"h-image__frame-container-outer\">\n                              <div class=\"h-image__frame-container\">\n                                <!---->\n                                <!---->\n                                <img loading=\"lazy\" decoding=\"async\" width=\"263\" height=\"40\" src=\"https:\/\/beda-telemarketing.de\/wp-content\/uploads\/2021\/12\/UKSH_Logo_Verein.jpeg\" class=\"wp-image-771 style-504-image style-local-768-c9-image\" alt=\"\" \/>\n                                <div class=\"h-image__frame h-hide-lg h-hide-md h-hide-sm style-504-frameImage style-local-768-c9-frameImage\"><\/div>\n                              <\/div>\n                            <\/div>\n                          <\/div>\n                        <\/div>\n                      <\/div>\n                    <\/div>\n                  <\/div>\n                <\/div>\n              <\/div>\n            <\/div>\n          <\/div>\n        <\/div>\n      <\/div>\n    <\/div>\n  <\/div>\n  <div data-colibri-component=\"section\" data-colibri-id=\"768-c10\" id=\"custom\" class=\"h-section h-section-global-spacing d-flex align-items-lg-center align-items-md-center align-items-center style-505 style-local-768-c10 position-relative\">\n    <!---->\n    <!---->\n    <div class=\"h-section-grid-container h-section-boxed-container\">\n      <!---->\n      <div data-colibri-id=\"768-c11\" class=\"h-row-container gutters-row-lg-2 gutters-row-md-2 gutters-row-0 gutters-row-v-lg-2 gutters-row-v-md-2 gutters-row-v-2 style-506 style-local-768-c11 position-relative\">\n        <!---->\n        <div class=\"h-row justify-content-lg-center justify-content-md-center justify-content-center align-items-lg-stretch align-items-md-stretch align-items-stretch gutters-col-lg-2 gutters-col-md-2 gutters-col-0 gutters-col-v-lg-2 gutters-col-v-md-2 gutters-col-v-2\">\n          <!---->\n          <div class=\"h-column h-column-container d-flex h-col-lg-auto h-col-md-auto h-col-auto style-507-outer style-local-768-c12-outer\">\n            <div data-colibri-id=\"768-c12\" class=\"d-flex h-flex-basis h-column__inner h-px-lg-2 h-px-md-2 h-px-2 v-inner-lg-2 v-inner-md-2 v-inner-2 style-507 style-local-768-c12 position-relative\">\n              <!---->\n              <!---->\n              <div class=\"w-100 h-y-container h-column__content h-column__v-align flex-basis-100 align-self-lg-start align-self-md-start align-self-start\">\n                <!---->\n                <div data-colibri-id=\"768-c13\" class=\"h-text h-text-component style-510 style-local-768-c13 position-relative h-element\">\n                  <!---->\n                  <!---->\n                  <div class=\"\">\n                    <p>Seit 2019 unterst\u00fctzen wir als Mitglied des &#8222;Freunde- und F\u00f6rdervereins&#8220; die Kinderkrebsstation des UKSH L\u00fcbeck.\n                      <br>\n                      <br>Zus\u00e4tzlich zum j\u00e4hrlichen Mitgliedsbeitrag haben wir an jedem unserer Standorte eine &#8222;Pfandtonne&#8220; aufgestellt. Hier k\u00f6nnen Mitarbeiter und Mitarbeiterinnen Pfandflaschen spenden. Der Betrag, der sich so \u00fcber das gesamte Jahr summiert,\n                      wird von uns verdoppelt und der Kinderkrebsstation des UKSH zur Verf\u00fcgung gestellt. 2019 kamen so 1.000 Euro zusammen.<\/p>\n                  <\/div>\n                <\/div>\n              <\/div>\n            <\/div>\n          <\/div>\n          <div class=\"h-column h-column-container d-flex h-col-lg-auto h-col-md-auto h-col-auto style-508-outer style-local-768-c14-outer\">\n            <div data-colibri-id=\"768-c14\" class=\"d-flex h-flex-basis h-column__inner h-px-lg-2 h-px-md-2 h-px-2 v-inner-lg-2 v-inner-md-2 v-inner-2 style-508 style-local-768-c14 position-relative\">\n              <!---->\n              <!---->\n              <div class=\"w-100 h-y-container h-column__content h-column__v-align flex-basis-100 align-self-lg-start align-self-md-start align-self-start\">\n                <!---->\n                <div data-colibri-id=\"768-c15\" class=\"d-block style-509 style-local-768-c15 position-relative h-element\">\n                  <!---->\n                  <div class=\"h-image__frame-container-outer\">\n                    <div class=\"h-image__frame-container\">\n                      <!---->\n                      <!---->\n                      <img decoding=\"async\" src=\"https:\/\/beda-telemarketing.de\/wp-content\/uploads\/2021\/12\/scheckuebergabe-uksh-2019.jpg\" class=\"wp-image-772 style-509-image style-local-768-c15-image\" alt=\"\" \/>\n                      <div class=\"h-image__frame h-hide-lg h-hide-md h-hide-sm style-509-frameImage style-local-768-c15-frameImage\"><\/div>\n                    <\/div>\n                  <\/div>\n                <\/div>\n              <\/div>\n            <\/div>\n          <\/div>\n        <\/div>\n      <\/div>\n      <div data-colibri-id=\"768-c16\" class=\"h-row-container gutters-row-lg-2 gutters-row-md-2 gutters-row-0 gutters-row-v-lg-2 gutters-row-v-md-2 gutters-row-v-2 style-506 style-local-768-c16 position-relative\">\n        <!---->\n        <div class=\"h-row justify-content-lg-center justify-content-md-center justify-content-center align-items-lg-stretch align-items-md-stretch align-items-stretch gutters-col-lg-2 gutters-col-md-2 gutters-col-0 gutters-col-v-lg-2 gutters-col-v-md-2 gutters-col-v-2\">\n          <!---->\n          <div class=\"h-column h-column-container d-flex h-col-lg-auto h-col-md-auto h-col-auto style-507-outer style-local-768-c17-outer\">\n            <div data-colibri-id=\"768-c17\" class=\"d-flex h-flex-basis h-column__inner h-px-lg-2 h-px-md-2 h-px-2 v-inner-lg-2 v-inner-md-2 v-inner-2 style-507 style-local-768-c17 position-relative\">\n              <!---->\n              <!---->\n              <div class=\"w-100 h-y-container h-column__content h-column__v-align flex-basis-100 align-self-lg-start align-self-md-start align-self-start\">\n                <!---->\n                <div data-colibri-id=\"768-c18\" class=\"h-text h-text-component style-510 style-local-768-c18 position-relative h-element\">\n                  <!---->\n                  <!---->\n                  <div class=\"\">\n                    <p>Trotz Corona &#8211; und vielen Besch\u00e4ftigten im Homeoffice &#8211;&nbsp;konnten wir im Jahr 2020 die Summe weiter steigern:\n                      <br>\n                    <\/p>\n                    <p>1.000,- EUR durch Pfandspenden &#8211; und auch diesmal haben wir verdoppelt, so dass wir in diesem Jahr insgesamt 2.000,- EUR spenden konnten.\n                      <br>\n                      <br>Wir spenden ausschlie\u00dflich zweckgebunden: Uns es ist ein besonderes Anliegen, dass das Geld den Kindern auf der Kinderkrebsstation des UKSH zugute kommt und hier f\u00fcr Dinge eingesetzt wird, die von den Krankenkassen leider nicht \u00fcbernommen\n                      werden: Spielzeug, Veranstaltungen, Kinder-Clowns und vieles Weitere wird mit diesem Geld finanziert, damit die Kinder ein wenig Ablenkung vom tristen Klinikalltag bekommen.<\/p>\n                  <\/div>\n                <\/div>\n              <\/div>\n            <\/div>\n          <\/div>\n          <div class=\"h-column h-column-container d-flex h-col-lg-auto h-col-md-auto h-col-auto style-508-outer style-local-768-c19-outer\">\n            <div data-colibri-id=\"768-c19\" class=\"d-flex h-flex-basis h-column__inner h-px-lg-2 h-px-md-2 h-px-2 v-inner-lg-2 v-inner-md-2 v-inner-2 style-508 style-local-768-c19 position-relative\">\n              <!---->\n              <!---->\n              <div class=\"w-100 h-y-container h-column__content h-column__v-align flex-basis-100 align-self-lg-start align-self-md-start align-self-start\">\n                <!---->\n                <div data-colibri-id=\"768-c20\" class=\"d-block style-509 style-local-768-c20 position-relative h-element\">\n                  <!---->\n                  <div class=\"h-image__frame-container-outer\">\n                    <div class=\"h-image__frame-container\">\n                      <!---->\n                      <!---->\n                      <img decoding=\"async\" src=\"https:\/\/beda-telemarketing.de\/wp-content\/uploads\/2021\/12\/UKSH-Spende-1-scaled.jpg\" class=\"wp-image-773 style-509-image style-local-768-c20-image\" alt=\"\" \/>\n                      <div class=\"h-image__frame h-hide-lg h-hide-md h-hide-sm style-509-frameImage style-local-768-c20-frameImage\"><\/div>\n                    <\/div>\n                  <\/div>\n                <\/div>\n              <\/div>\n            <\/div>\n          <\/div>\n        <\/div>\n      <\/div>\n      <div data-colibri-id=\"768-c21\" class=\"h-row-container gutters-row-lg-2 gutters-row-md-2 gutters-row-0 gutters-row-v-lg-2 gutters-row-v-md-2 gutters-row-v-2 style-506 style-local-768-c21 position-relative\">\n        <!---->\n        <div class=\"h-row justify-content-lg-center justify-content-md-center justify-content-center align-items-lg-stretch align-items-md-stretch align-items-stretch gutters-col-lg-2 gutters-col-md-2 gutters-col-0 gutters-col-v-lg-2 gutters-col-v-md-2 gutters-col-v-2\">\n          <!---->\n          <div class=\"h-column h-column-container d-flex h-col-lg-auto h-col-md-auto h-col-auto style-507-outer style-local-768-c22-outer\">\n            <div data-colibri-id=\"768-c22\" class=\"d-flex h-flex-basis h-column__inner h-px-lg-2 h-px-md-2 h-px-2 v-inner-lg-2 v-inner-md-2 v-inner-2 style-507 style-local-768-c22 position-relative\">\n              <!---->\n              <!---->\n              <div class=\"w-100 h-y-container h-column__content h-column__v-align flex-basis-100 align-self-lg-start align-self-md-start align-self-start\">\n                <!---->\n                <div data-colibri-id=\"768-c23\" class=\"h-text h-text-component style-510 style-local-768-c23 position-relative h-element\">\n                  <!---->\n                  <!---->\n                  <div class=\"\">\n                    <p>2021 wurde der Erfolg weiter gesteigert: 1.150 Euro durch Pfandspenden &#8211; wir verdoppelten abermals auf 2.300 Euro.<\/p>\n                    <p>Hier die zugeh\u00f6rige Pressenachricht des F\u00f6rdervereins:&nbsp;\n                      <a href=\"https:\/\/www.uksh.de\/gutestun\/Aktuelles\/Aktuelle+Meldungen\/Meldungen+Verein\/2022\/Pfandgeldspende+die+Dritte%21+Schon+5_300+Euro+seit+2019-p-7180.html\" target=\"_blank\" class=\"customize-unpreviewable\" draggable=\"false\" rel=\"noopener\">Pfandgeldspende die Dritte<\/a>\n                    <\/p>\n                    <p>\n                      <br>\n                    <\/p>\n                  <\/div>\n                <\/div>\n              <\/div>\n            <\/div>\n          <\/div>\n          <div class=\"h-column h-column-container d-flex h-col-lg-auto h-col-md-auto h-col-auto style-508-outer style-local-768-c24-outer\">\n            <div data-colibri-id=\"768-c24\" class=\"d-flex h-flex-basis h-column__inner h-px-lg-2 h-px-md-2 h-px-2 v-inner-lg-2 v-inner-md-2 v-inner-2 style-508 style-local-768-c24 position-relative\">\n              <!---->\n              <!---->\n              <div class=\"w-100 h-y-container h-column__content h-column__v-align flex-basis-100 align-self-lg-start align-self-md-start align-self-start\">\n                <!---->\n                <div data-colibri-id=\"768-c25\" class=\"d-block style-509 style-local-768-c25 position-relative h-element\">\n                  <!---->\n                  <div class=\"h-image__frame-container-outer\">\n                    <div class=\"h-image__frame-container\">\n                      <!---->\n                      <!---->\n                      <img loading=\"lazy\" decoding=\"async\" width=\"995\" height=\"655\" src=\"https:\/\/beda-telemarketing.de\/wp-content\/uploads\/2022\/03\/pfand3.jpeg\" class=\"wp-image-1003 style-509-image style-local-768-c25-image\" alt=\"\" srcset=\"https:\/\/beda-telemarketing.de\/wp-content\/uploads\/2022\/03\/pfand3.jpeg 995w, https:\/\/beda-telemarketing.de\/wp-content\/uploads\/2022\/03\/pfand3-300x197.jpeg 300w, https:\/\/beda-telemarketing.de\/wp-content\/uploads\/2022\/03\/pfand3-768x506.jpeg 768w\" sizes=\"auto, (max-width: 995px) 100vw, 995px\" \/>\n                      <div class=\"h-image__frame h-hide-lg h-hide-md h-hide-sm style-509-frameImage style-local-768-c25-frameImage\"><\/div>\n                    <\/div>\n                  <\/div>\n                <\/div>\n              <\/div>\n            <\/div>\n          <\/div>\n        <\/div>\n      <\/div>\n      <div data-colibri-id=\"768-c26\" class=\"h-row-container gutters-row-lg-2 gutters-row-md-2 gutters-row-0 gutters-row-v-lg-2 gutters-row-v-md-2 gutters-row-v-2 style-506 style-local-768-c26 position-relative\">\n        <!---->\n        <div class=\"h-row justify-content-lg-center justify-content-md-center justify-content-center align-items-lg-stretch align-items-md-stretch align-items-stretch gutters-col-lg-2 gutters-col-md-2 gutters-col-0 gutters-col-v-lg-2 gutters-col-v-md-2 gutters-col-v-2\">\n          <!---->\n          <div class=\"h-column h-column-container d-flex h-col-lg-auto h-col-md-auto h-col-auto style-507-outer style-local-768-c27-outer\">\n            <div data-colibri-id=\"768-c27\" class=\"d-flex h-flex-basis h-column__inner h-px-lg-2 h-px-md-2 h-px-2 v-inner-lg-2 v-inner-md-2 v-inner-2 style-507 style-local-768-c27 position-relative\">\n              <!---->\n              <!---->\n              <div class=\"w-100 h-y-container h-column__content h-column__v-align flex-basis-100 align-self-lg-start align-self-md-start align-self-start\">\n                <!---->\n                <div data-colibri-id=\"768-c33\" class=\"h-text h-text-component style-510 style-local-768-c33 position-relative h-element\">\n                  <!---->\n                  <!---->\n                  <div class=\"\">\n                    <p>Im Jahr 2022 haben unsere Mitarbeiter Pfand in H\u00f6he von 1.360 Euro gespendet &#8211; wir haben eine runde Summe draus gemacht und die Gesamtspende Anfang Januar an das UKSH \u00fcbergeben. Somit konnten wir die Kinderkrebsstation bisher mit \u00fcber\n                      8.000 Euro unterst\u00fctzen!\n                      <br>\n                      <br>Hier ein Artikel von HL-Live:&nbsp;\n                      <a href=\"https:\/\/www.hl-live.de\/text.php?id=156127\" target=\"_blank\" rel=\"noopener\">Pfandgeld unterst\u00fctzt Kinderkrebsstation<\/a>\n                    <\/p>\n                  <\/div>\n                <\/div>\n              <\/div>\n            <\/div>\n          <\/div>\n          <div class=\"h-column h-column-container d-flex h-col-lg-auto h-col-md-auto h-col-auto style-508-outer style-local-768-c29-outer\">\n            <div data-colibri-id=\"768-c29\" class=\"d-flex h-flex-basis h-column__inner h-px-lg-2 h-px-md-2 h-px-2 v-inner-lg-2 v-inner-md-2 v-inner-2 style-508 style-local-768-c29 position-relative\">\n              <!---->\n              <!---->\n              <div class=\"w-100 h-y-container h-column__content h-column__v-align flex-basis-100 align-self-lg-start align-self-md-start align-self-start\">\n                <!---->\n                <div data-colibri-id=\"768-c30\" class=\"d-block style-509 style-local-768-c30 position-relative h-element\">\n                  <!---->\n                  <div class=\"h-image__frame-container-outer\">\n                    <div class=\"h-image__frame-container\">\n                      <!---->\n                      <!---->\n                      <img loading=\"lazy\" decoding=\"async\" width=\"600\" height=\"450\" src=\"https:\/\/beda-telemarketing.de\/wp-content\/uploads\/2023\/01\/pfand_2022.jpeg\" class=\"wp-image-1039 style-509-image style-local-768-c30-image\" alt=\"\" srcset=\"https:\/\/beda-telemarketing.de\/wp-content\/uploads\/2023\/01\/pfand_2022.jpeg 600w, https:\/\/beda-telemarketing.de\/wp-content\/uploads\/2023\/01\/pfand_2022-300x225.jpeg 300w\" sizes=\"auto, (max-width: 600px) 100vw, 600px\" \/>\n                      <div class=\"h-image__frame h-hide-lg h-hide-md h-hide-sm style-509-frameImage style-local-768-c30-frameImage\"><\/div>\n                    <\/div>\n                  <\/div>\n                <\/div>\n              <\/div>\n            <\/div>\n          <\/div>\n        <\/div>\n      <\/div>\n    <\/div>\n  <\/div>\n<\/div>","protected":false},"excerpt":{"rendered":"<p>Wir sind Mitglied im &#8222;Freunde- und F\u00f6rderverein&#8220; des UKSH L\u00fcbeck Seit 2019 unterst\u00fctzen wir als Mitglied des &#8222;Freunde- und F\u00f6rdervereins&#8220; die Kinderkrebsstation des UKSH L\u00fcbeck. Zus\u00e4tzlich zum j\u00e4hrlichen Mitgliedsbeitrag haben wir an jedem unserer Standorte eine &#8222;Pfandtonne&#8220; aufgestellt. Hier k\u00f6nnen Mitarbeiter und Mitarbeiterinnen Pfandflaschen spenden. Der Betrag, der sich so \u00fcber das gesamte Jahr summiert, [&hellip;]<\/p>\n","protected":false},"author":1,"featured_media":0,"parent":0,"menu_order":0,"comment_status":"closed","ping_status":"closed","template":"page-templates\/full-width-page.php","meta":{"footnotes":""},"class_list":["post-768","page","type-page","status-publish","hentry"],"aioseo_notices":[],"_links":{"self":[{"href":"https:\/\/beda-telemarketing.de\/index.php?rest_route=\/wp\/v2\/pages\/768","targetHints":{"allow":["GET"]}}],"collection":[{"href":"https:\/\/beda-telemarketing.de\/index.php?rest_route=\/wp\/v2\/pages"}],"about":[{"href":"https:\/\/beda-telemarketing.de\/index.php?rest_route=\/wp\/v2\/types\/page"}],"author":[{"embeddable":true,"href":"https:\/\/beda-telemarketing.de\/index.php?rest_route=\/wp\/v2\/users\/1"}],"replies":[{"embeddable":true,"href":"https:\/\/beda-telemarketing.de\/index.php?rest_route=%2Fwp%2Fv2%2Fcomments&post=768"}],"version-history":[{"count":10,"href":"https:\/\/beda-telemarketing.de\/index.php?rest_route=\/wp\/v2\/pages\/768\/revisions"}],"predecessor-version":[{"id":1041,"href":"https:\/\/beda-telemarketing.de\/index.php?rest_route=\/wp\/v2\/pages\/768\/revisions\/1041"}],"wp:attachment":[{"href":"https:\/\/beda-telemarketing.de\/index.php?rest_route=%2Fwp%2Fv2%2Fmedia&parent=768"}],"curies":[{"name":"wp","href":"https:\/\/api.w.org\/{rel}","templated":true}]}}